{"id":17,"date":"2022-12-16T08:24:08","date_gmt":"2022-12-16T08:24:08","guid":{"rendered":"https:\/\/fundacjabenedyktynka.eu\/?page_id=17"},"modified":"2022-12-16T12:02:32","modified_gmt":"2022-12-16T12:02:32","slug":"partnerzy","status":"publish","type":"page","link":"https:\/\/fundacjabenedyktynka.eu\/index.php\/partnerzy\/","title":{"rendered":"Partnerzy"},"content":{"rendered":"\t\t<div data-elementor-type=\"wp-page\" data-elementor-id=\"17\" class=\"elementor elementor-17\">\n\t\t\t\t\t\t\t\t\t<section data-particle_enable=\"false\" data-particle-mobile-disabled=\"false\" class=\"elementor-section elementor-top-section elementor-element elementor-element-b80b483 elementor-section-height-min-height elementor-section-boxed elementor-section-height-default elementor-section-items-middle\" data-id=\"b80b483\" data-element_type=\"section\" data-settings=\"{&quot;background_background&quot;:&quot;classic&quot;}\">\n\t\t\t\t\t\t<div class=\"elementor-container elementor-column-gap-default\">\n\t\t\t\t\t<div class=\"elementor-column elementor-col-100 elementor-top-column elementor-element elementor-element-848fa24\" data-id=\"848fa24\" data-element_type=\"column\">\n\t\t\t<div class=\"elementor-widget-wrap elementor-element-populated\">\n\t\t\t\t\t\t\t\t<div class=\"elementor-element elementor-element-cd3ce5e elementor-widget elementor-widget-heading\" data-id=\"cd3ce5e\" data-element_type=\"widget\" data-widget_type=\"heading.default\">\n\t\t\t\t<div class=\"elementor-widget-container\">\n\t\t\t<style>\/*! elementor - v3.9.1 - 14-12-2022 *\/\n.elementor-heading-title{padding:0;margin:0;line-height:1}.elementor-widget-heading .elementor-heading-title[class*=elementor-size-]>a{color:inherit;font-size:inherit;line-height:inherit}.elementor-widget-heading .elementor-heading-title.elementor-size-small{font-size:15px}.elementor-widget-heading .elementor-heading-title.elementor-size-medium{font-size:19px}.elementor-widget-heading .elementor-heading-title.elementor-size-large{font-size:29px}.elementor-widget-heading .elementor-heading-title.elementor-size-xl{font-size:39px}.elementor-widget-heading .elementor-heading-title.elementor-size-xxl{font-size:59px}<\/style><h2 class=\"elementor-heading-title elementor-size-default\">Partnerzy<\/h2>\t\t<\/div>\n\t\t\t\t<\/div>\n\t\t\t\t\t<\/div>\n\t\t<\/div>\n\t\t\t\t\t\t\t<\/div>\n\t\t<\/section>\n\t\t\t\t<section data-particle_enable=\"false\" data-particle-mobile-disabled=\"false\" class=\"elementor-section elementor-top-section elementor-element elementor-element-304bf4b elementor-section-boxed elementor-section-height-default elementor-section-height-default\" data-id=\"304bf4b\" data-element_type=\"section\" data-settings=\"{&quot;background_background&quot;:&quot;classic&quot;}\">\n\t\t\t\t\t\t<div class=\"elementor-container elementor-column-gap-default\">\n\t\t\t\t\t<div class=\"elementor-column elementor-col-100 elementor-top-column elementor-element elementor-element-6e72611\" data-id=\"6e72611\" data-element_type=\"column\">\n\t\t\t<div class=\"elementor-widget-wrap elementor-element-populated\">\n\t\t\t\t\t\t\t\t<div class=\"elementor-element elementor-element-145e541 elementor-widget elementor-widget-heading\" data-id=\"145e541\" data-element_type=\"widget\" data-widget_type=\"heading.default\">\n\t\t\t\t<div class=\"elementor-widget-container\">\n\t\t\t<h2 class=\"elementor-heading-title elementor-size-default\">Czes\u0142aw Witkowski\nfundator i autor ksi\u0105\u017cek<\/h2>\t\t<\/div>\n\t\t\t\t<\/div>\n\t\t\t\t<div class=\"elementor-element elementor-element-94d005b elementor-widget elementor-widget-image\" data-id=\"94d005b\" data-element_type=\"widget\" data-widget_type=\"image.default\">\n\t\t\t\t<div class=\"elementor-widget-container\">\n\t\t\t<style>\/*! elementor - v3.9.1 - 14-12-2022 *\/\n.elementor-widget-image{text-align:center}.elementor-widget-image a{display:inline-block}.elementor-widget-image a img[src$=\".svg\"]{width:48px}.elementor-widget-image img{vertical-align:middle;display:inline-block}<\/style>\t\t\t\t\t\t\t\t\t\t\t\t<img decoding=\"async\" width=\"800\" height=\"277\" src=\"https:\/\/fundacjabenedyktynka.eu\/wp-content\/uploads\/2022\/12\/podziekowania1-1024x355.jpg\" class=\"attachment-large size-large wp-image-144\" alt=\"\" loading=\"lazy\" srcset=\"https:\/\/fundacjabenedyktynka.eu\/wp-content\/uploads\/2022\/12\/podziekowania1-1024x355.jpg 1024w, https:\/\/fundacjabenedyktynka.eu\/wp-content\/uploads\/2022\/12\/podziekowania1-300x104.jpg 300w, https:\/\/fundacjabenedyktynka.eu\/wp-content\/uploads\/2022\/12\/podziekowania1-768x266.jpg 768w, https:\/\/fundacjabenedyktynka.eu\/wp-content\/uploads\/2022\/12\/podziekowania1-1536x533.jpg 1536w, https:\/\/fundacjabenedyktynka.eu\/wp-content\/uploads\/2022\/12\/podziekowania1-600x208.jpg 600w, https:\/\/fundacjabenedyktynka.eu\/wp-content\/uploads\/2022\/12\/podziekowania1.jpg 1707w\" sizes=\"(max-width: 800px) 100vw, 800px\" \/>\t\t\t\t\t\t\t\t\t\t\t\t\t\t\t<\/div>\n\t\t\t\t<\/div>\n\t\t\t\t<div class=\"elementor-element elementor-element-0059554 elementor-widget elementor-widget-heading\" data-id=\"0059554\" data-element_type=\"widget\" data-widget_type=\"heading.default\">\n\t\t\t\t<div class=\"elementor-widget-container\">\n\t\t\t<h2 class=\"elementor-heading-title elementor-size-default\">PHU ,,Alice\u201d Alicja Tomaszewska<\/h2>\t\t<\/div>\n\t\t\t\t<\/div>\n\t\t\t\t<div class=\"elementor-element elementor-element-ed8cbb5 elementor-widget elementor-widget-image\" data-id=\"ed8cbb5\" data-element_type=\"widget\" data-widget_type=\"image.default\">\n\t\t\t\t<div class=\"elementor-widget-container\">\n\t\t\t\t\t\t\t\t\t\t\t\t\t\t\t<img decoding=\"async\" width=\"272\" height=\"271\" src=\"https:\/\/fundacjabenedyktynka.eu\/wp-content\/uploads\/2022\/12\/logo_sklep.png\" class=\"attachment-large size-large wp-image-145\" alt=\"\" loading=\"lazy\" srcset=\"https:\/\/fundacjabenedyktynka.eu\/wp-content\/uploads\/2022\/12\/logo_sklep.png 272w, https:\/\/fundacjabenedyktynka.eu\/wp-content\/uploads\/2022\/12\/logo_sklep-150x150.png 150w, https:\/\/fundacjabenedyktynka.eu\/wp-content\/uploads\/2022\/12\/logo_sklep-100x100.png 100w\" sizes=\"(max-width: 272px) 100vw, 272px\" \/>\t\t\t\t\t\t\t\t\t\t\t\t\t\t\t<\/div>\n\t\t\t\t<\/div>\n\t\t\t\t\t<\/div>\n\t\t<\/div>\n\t\t\t\t\t\t\t<\/div>\n\t\t<\/section>\n\t\t\t\t\t\t\t<\/div>\n\t\t","protected":false},"excerpt":{"rendered":"<p>Partnerzy Czes\u0142aw Witkowski fundator i autor ksi\u0105\u017cek PHU ,,Alice\u201d Alicja Tomaszewska<\/p>\n","protected":false},"author":1,"featured_media":0,"parent":0,"menu_order":0,"comment_status":"closed","ping_status":"closed","template":"elementor_header_footer","meta":{"inline_featured_image":false},"_links":{"self":[{"href":"https:\/\/fundacjabenedyktynka.eu\/index.php\/wp-json\/wp\/v2\/pages\/17"}],"collection":[{"href":"https:\/\/fundacjabenedyktynka.eu\/index.php\/wp-json\/wp\/v2\/pages"}],"about":[{"href":"https:\/\/fundacjabenedyktynka.eu\/index.php\/wp-json\/wp\/v2\/types\/page"}],"author":[{"embeddable":true,"href":"https:\/\/fundacjabenedyktynka.eu\/index.php\/wp-json\/wp\/v2\/users\/1"}],"replies":[{"embeddable":true,"href":"https:\/\/fundacjabenedyktynka.eu\/index.php\/wp-json\/wp\/v2\/comments?post=17"}],"version-history":[{"count":4,"href":"https:\/\/fundacjabenedyktynka.eu\/index.php\/wp-json\/wp\/v2\/pages\/17\/revisions"}],"predecessor-version":[{"id":148,"href":"https:\/\/fundacjabenedyktynka.eu\/index.php\/wp-json\/wp\/v2\/pages\/17\/revisions\/148"}],"wp:attachment":[{"href":"https:\/\/fundacjabenedyktynka.eu\/index.php\/wp-json\/wp\/v2\/media?parent=17"}],"curies":[{"name":"wp","href":"https:\/\/api.w.org\/{rel}","templated":true}]}}