{"id":13,"date":"2022-12-16T08:23:47","date_gmt":"2022-12-16T08:23:47","guid":{"rendered":"https:\/\/fundacjabenedyktynka.eu\/?page_id=13"},"modified":"2025-08-21T10:05:45","modified_gmt":"2025-08-21T10:05:45","slug":"o-fundacji","status":"publish","type":"page","link":"https:\/\/fundacjabenedyktynka.eu\/index.php\/o-fundacji\/","title":{"rendered":"O fundacji"},"content":{"rendered":"\t\t<div data-elementor-type=\"wp-page\" data-elementor-id=\"13\" class=\"elementor elementor-13\">\n\t\t\t\t\t\t\t\t\t<section data-particle_enable=\"false\" data-particle-mobile-disabled=\"false\" class=\"elementor-section elementor-top-section elementor-element elementor-element-1be71cf elementor-section-height-min-height elementor-section-boxed elementor-section-height-default elementor-section-items-middle\" data-id=\"1be71cf\" data-element_type=\"section\" data-settings=\"{&quot;background_background&quot;:&quot;classic&quot;}\">\n\t\t\t\t\t\t<div class=\"elementor-container elementor-column-gap-default\">\n\t\t\t\t\t<div class=\"elementor-column elementor-col-100 elementor-top-column elementor-element elementor-element-bf3c44c\" data-id=\"bf3c44c\" data-element_type=\"column\">\n\t\t\t<div class=\"elementor-widget-wrap elementor-element-populated\">\n\t\t\t\t\t\t\t\t<div class=\"elementor-element elementor-element-0c9b6bf elementor-widget elementor-widget-heading\" data-id=\"0c9b6bf\" data-element_type=\"widget\" data-widget_type=\"heading.default\">\n\t\t\t\t<div class=\"elementor-widget-container\">\n\t\t\t<style>\/*! elementor - v3.9.1 - 14-12-2022 *\/\n.elementor-heading-title{padding:0;margin:0;line-height:1}.elementor-widget-heading .elementor-heading-title[class*=elementor-size-]>a{color:inherit;font-size:inherit;line-height:inherit}.elementor-widget-heading .elementor-heading-title.elementor-size-small{font-size:15px}.elementor-widget-heading .elementor-heading-title.elementor-size-medium{font-size:19px}.elementor-widget-heading .elementor-heading-title.elementor-size-large{font-size:29px}.elementor-widget-heading .elementor-heading-title.elementor-size-xl{font-size:39px}.elementor-widget-heading .elementor-heading-title.elementor-size-xxl{font-size:59px}<\/style><h2 class=\"elementor-heading-title elementor-size-default\">O fundacji\u2026<\/h2>\t\t<\/div>\n\t\t\t\t<\/div>\n\t\t\t\t\t<\/div>\n\t\t<\/div>\n\t\t\t\t\t\t\t<\/div>\n\t\t<\/section>\n\t\t\t\t<section data-particle_enable=\"false\" data-particle-mobile-disabled=\"false\" class=\"elementor-section elementor-top-section elementor-element elementor-element-a7c710c elementor-section-boxed elementor-section-height-default elementor-section-height-default\" data-id=\"a7c710c\" data-element_type=\"section\" data-settings=\"{&quot;background_background&quot;:&quot;classic&quot;,&quot;background_motion_fx_motion_fx_scrolling&quot;:&quot;yes&quot;,&quot;background_motion_fx_motion_fx_mouse&quot;:&quot;yes&quot;,&quot;background_motion_fx_devices&quot;:[&quot;desktop&quot;,&quot;tablet&quot;,&quot;mobile&quot;]}\">\n\t\t\t\t\t\t<div class=\"elementor-container elementor-column-gap-default\">\n\t\t\t\t\t<div class=\"elementor-column elementor-col-100 elementor-top-column elementor-element elementor-element-6db379f\" data-id=\"6db379f\" data-element_type=\"column\">\n\t\t\t<div class=\"elementor-widget-wrap elementor-element-populated\">\n\t\t\t\t\t\t\t\t<div class=\"elementor-element elementor-element-aa24032 elementor-widget elementor-widget-heading\" data-id=\"aa24032\" data-element_type=\"widget\" data-widget_type=\"heading.default\">\n\t\t\t\t<div class=\"elementor-widget-container\">\n\t\t\t<h2 class=\"elementor-heading-title elementor-size-default\">FUNDACJA ,,BENEDYKTYNKA\u201d<\/h2>\t\t<\/div>\n\t\t\t\t<\/div>\n\t\t\t\t<div class=\"elementor-element elementor-element-f78df24 elementor-widget elementor-widget-text-editor\" data-id=\"f78df24\" data-element_type=\"widget\" data-widget_type=\"text-editor.default\">\n\t\t\t\t<div class=\"elementor-widget-container\">\n\t\t\t<style>\/*! elementor - v3.9.1 - 14-12-2022 *\/\n.elementor-widget-text-editor.elementor-drop-cap-view-stacked .elementor-drop-cap{background-color:#818a91;color:#fff}.elementor-widget-text-editor.elementor-drop-cap-view-framed .elementor-drop-cap{color:#818a91;border:3px solid;background-color:transparent}.elementor-widget-text-editor:not(.elementor-drop-cap-view-default) .elementor-drop-cap{margin-top:8px}.elementor-widget-text-editor:not(.elementor-drop-cap-view-default) .elementor-drop-cap-letter{width:1em;height:1em}.elementor-widget-text-editor .elementor-drop-cap{float:left;text-align:center;line-height:1;font-size:50px}.elementor-widget-text-editor .elementor-drop-cap-letter{display:inline-block}<\/style>\t\t\t\t<p>powo\u0142ana do \u017cycia w 2018 roku z\/s w Pile jest organizacj\u0105 non profit z jasno okre\u015blonym celem s\u0142u\u017c\u0105cym wszystkim ludziom dobrej woli dbaj\u0105c\u0105 o ich zdrowie i promuj\u0105c\u0105 zdrow\u0105 polsk\u0105 \u017cywno\u015b\u0107.<\/p>\t\t\t\t\t\t<\/div>\n\t\t\t\t<\/div>\n\t\t\t\t<div class=\"elementor-element elementor-element-a232e3e elementor-widget elementor-widget-heading\" data-id=\"a232e3e\" data-element_type=\"widget\" data-widget_type=\"heading.default\">\n\t\t\t\t<div class=\"elementor-widget-container\">\n\t\t\t<h2 class=\"elementor-heading-title elementor-size-default\">DZIA\u0141ANIA NASZE WPISUJ\u0104 SI\u0118 W REALNE ZADANIA:<\/h2>\t\t<\/div>\n\t\t\t\t<\/div>\n\t\t\t\t<div class=\"elementor-element elementor-element-86c4f86 elementor-widget elementor-widget-text-editor\" data-id=\"86c4f86\" data-element_type=\"widget\" data-widget_type=\"text-editor.default\">\n\t\t\t\t<div class=\"elementor-widget-container\">\n\t\t\t\t\t\t\t<ul><li>Ministerstwa Rodziny, Pracy i Polityki Spo\u0142ecznej,<\/li><li>Ministerstwa Inwestycji i Rozwoju<\/li><li>Ministerstwa Kultury i Dziedzictwa Narodowego<\/li><\/ul><p><br \/>Wszystkie cele realizowane s\u0105 zgodnie z udost\u0119pnionym statutem.<\/p>\t\t\t\t\t\t<\/div>\n\t\t\t\t<\/div>\n\t\t\t\t<div class=\"elementor-element elementor-element-ac24e65 elementor-widget elementor-widget-heading\" data-id=\"ac24e65\" data-element_type=\"widget\" data-widget_type=\"heading.default\">\n\t\t\t\t<div class=\"elementor-widget-container\">\n\t\t\t<h2 class=\"elementor-heading-title elementor-size-default\">FUNDACJA PROWADZI:<\/h2>\t\t<\/div>\n\t\t\t\t<\/div>\n\t\t\t\t<div class=\"elementor-element elementor-element-5014eaa elementor-widget elementor-widget-text-editor\" data-id=\"5014eaa\" data-element_type=\"widget\" data-widget_type=\"text-editor.default\">\n\t\t\t\t<div class=\"elementor-widget-container\">\n\t\t\t\t\t\t\t<p><strong>AKTYWIZACJ\u0118 ZAWODOW\u0104 <\/strong>Pani Anety Gottlieb z Pi\u0142y w ramach ,,Programu rozwoju dla os\u00f3b niepe\u0142nosprawnych wykluczonych spo\u0142ecznie\u201d.<strong><br \/><br \/>TUTAJ PRACUJ\u0118 \u2013 POZDRAWIAM ANETKA!<\/strong><\/p>\t\t\t\t\t\t<\/div>\n\t\t\t\t<\/div>\n\t\t\t\t<div class=\"elementor-element elementor-element-a21b999 elementor-widget elementor-widget-image\" data-id=\"a21b999\" data-element_type=\"widget\" data-widget_type=\"image.default\">\n\t\t\t\t<div class=\"elementor-widget-container\">\n\t\t\t<style>\/*! elementor - v3.9.1 - 14-12-2022 *\/\n.elementor-widget-image{text-align:center}.elementor-widget-image a{display:inline-block}.elementor-widget-image a img[src$=\".svg\"]{width:48px}.elementor-widget-image img{vertical-align:middle;display:inline-block}<\/style>\t\t\t\t\t\t\t\t\t\t\t\t<img decoding=\"async\" width=\"768\" height=\"1024\" src=\"https:\/\/fundacjabenedyktynka.eu\/wp-content\/uploads\/2022\/12\/IMG_20200225_100935-scaled-1-768x1024.jpg\" class=\"attachment-large size-large wp-image-105\" alt=\"\" loading=\"lazy\" srcset=\"https:\/\/fundacjabenedyktynka.eu\/wp-content\/uploads\/2022\/12\/IMG_20200225_100935-scaled-1-768x1024.jpg 768w, https:\/\/fundacjabenedyktynka.eu\/wp-content\/uploads\/2022\/12\/IMG_20200225_100935-scaled-1-225x300.jpg 225w, https:\/\/fundacjabenedyktynka.eu\/wp-content\/uploads\/2022\/12\/IMG_20200225_100935-scaled-1-1152x1536.jpg 1152w, https:\/\/fundacjabenedyktynka.eu\/wp-content\/uploads\/2022\/12\/IMG_20200225_100935-scaled-1-1536x2048.jpg 1536w, https:\/\/fundacjabenedyktynka.eu\/wp-content\/uploads\/2022\/12\/IMG_20200225_100935-scaled-1-600x800.jpg 600w, https:\/\/fundacjabenedyktynka.eu\/wp-content\/uploads\/2022\/12\/IMG_20200225_100935-scaled-1.jpg 1920w\" sizes=\"(max-width: 768px) 100vw, 768px\" \/>\t\t\t\t\t\t\t\t\t\t\t\t\t\t\t<\/div>\n\t\t\t\t<\/div>\n\t\t\t\t<div class=\"elementor-element elementor-element-f9573eb elementor-widget elementor-widget-heading\" data-id=\"f9573eb\" data-element_type=\"widget\" data-widget_type=\"heading.default\">\n\t\t\t\t<div class=\"elementor-widget-container\">\n\t\t\t<h2 class=\"elementor-heading-title elementor-size-default\"># pomoc w zbi\u00f3rkach 1,5% dla zg\u0142oszonych podopiecznych<\/h2>\t\t<\/div>\n\t\t\t\t<\/div>\n\t\t\t\t<div class=\"elementor-element elementor-element-4e81e3b elementor-widget elementor-widget-text-editor\" data-id=\"4e81e3b\" data-element_type=\"widget\" data-widget_type=\"text-editor.default\">\n\t\t\t\t<div class=\"elementor-widget-container\">\n\t\t\t\t\t\t\t<p>w zakresie zdrowie, rehabilitacja, sport, talent.<\/p>\t\t\t\t\t\t<\/div>\n\t\t\t\t<\/div>\n\t\t\t\t<div class=\"elementor-element elementor-element-333f70f elementor-widget elementor-widget-heading\" data-id=\"333f70f\" data-element_type=\"widget\" data-widget_type=\"heading.default\">\n\t\t\t\t<div class=\"elementor-widget-container\">\n\t\t\t<h2 class=\"elementor-heading-title elementor-size-default\"># codzienna pomoc<\/h2>\t\t<\/div>\n\t\t\t\t<\/div>\n\t\t\t\t<div class=\"elementor-element elementor-element-86eb7ed elementor-widget elementor-widget-text-editor\" data-id=\"86eb7ed\" data-element_type=\"widget\" data-widget_type=\"text-editor.default\">\n\t\t\t\t<div class=\"elementor-widget-container\">\n\t\t\t\t\t\t\t<p>konsultacja z niekonwencjonalnych metod leczenia badania \u2013 analizatorem rezonansu magnetycznego<br \/>zapisy po uprzednim uzgodnieniu Tel. +48 606704176 i 504265917<\/p>\t\t\t\t\t\t<\/div>\n\t\t\t\t<\/div>\n\t\t\t\t<div class=\"elementor-element elementor-element-c3fd8d3 elementor-widget elementor-widget-heading\" data-id=\"c3fd8d3\" data-element_type=\"widget\" data-widget_type=\"heading.default\">\n\t\t\t\t<div class=\"elementor-widget-container\">\n\t\t\t<h2 class=\"elementor-heading-title elementor-size-default\">Migawka z badania i sta\u0142ej opieki \u2013 Julii Jasiorowskiej MO\u015aCISKA k\/Pi\u0142y<\/h2>\t\t<\/div>\n\t\t\t\t<\/div>\n\t\t\t\t<section data-particle_enable=\"false\" data-particle-mobile-disabled=\"false\" class=\"elementor-section elementor-inner-section elementor-element elementor-element-612b008 elementor-section-boxed elementor-section-height-default elementor-section-height-default\" data-id=\"612b008\" data-element_type=\"section\">\n\t\t\t\t\t\t<div class=\"elementor-container elementor-column-gap-default\">\n\t\t\t\t\t<div class=\"elementor-column elementor-col-50 elementor-inner-column elementor-element elementor-element-9446018\" data-id=\"9446018\" data-element_type=\"column\">\n\t\t\t<div class=\"elementor-widget-wrap elementor-element-populated\">\n\t\t\t\t\t\t\t\t<div class=\"elementor-element elementor-element-9f004ad elementor-widget elementor-widget-image\" data-id=\"9f004ad\" data-element_type=\"widget\" data-widget_type=\"image.default\">\n\t\t\t\t<div class=\"elementor-widget-container\">\n\t\t\t\t\t\t\t\t\t\t\t\t\t\t\t<img decoding=\"async\" width=\"768\" height=\"1024\" src=\"https:\/\/fundacjabenedyktynka.eu\/wp-content\/uploads\/2022\/12\/IMG_20200223_171013-768x1024-1.jpg\" class=\"attachment-large size-large wp-image-106\" alt=\"\" loading=\"lazy\" srcset=\"https:\/\/fundacjabenedyktynka.eu\/wp-content\/uploads\/2022\/12\/IMG_20200223_171013-768x1024-1.jpg 768w, https:\/\/fundacjabenedyktynka.eu\/wp-content\/uploads\/2022\/12\/IMG_20200223_171013-768x1024-1-225x300.jpg 225w, https:\/\/fundacjabenedyktynka.eu\/wp-content\/uploads\/2022\/12\/IMG_20200223_171013-768x1024-1-600x800.jpg 600w\" sizes=\"(max-width: 768px) 100vw, 768px\" \/>\t\t\t\t\t\t\t\t\t\t\t\t\t\t\t<\/div>\n\t\t\t\t<\/div>\n\t\t\t\t\t<\/div>\n\t\t<\/div>\n\t\t\t\t<div class=\"elementor-column elementor-col-50 elementor-inner-column elementor-element elementor-element-93a2b94\" data-id=\"93a2b94\" data-element_type=\"column\">\n\t\t\t<div class=\"elementor-widget-wrap elementor-element-populated\">\n\t\t\t\t\t\t\t\t<div class=\"elementor-element elementor-element-a29766e elementor-widget elementor-widget-image\" data-id=\"a29766e\" data-element_type=\"widget\" data-widget_type=\"image.default\">\n\t\t\t\t<div class=\"elementor-widget-container\">\n\t\t\t\t\t\t\t\t\t\t\t\t\t\t\t<img decoding=\"async\" width=\"800\" height=\"455\" src=\"https:\/\/fundacjabenedyktynka.eu\/wp-content\/uploads\/2022\/12\/c3ea8993-8bd4-44e7-ad1d-15a06d9c425b-1024x582.jpeg\" class=\"attachment-large size-large wp-image-107\" alt=\"\" loading=\"lazy\" srcset=\"https:\/\/fundacjabenedyktynka.eu\/wp-content\/uploads\/2022\/12\/c3ea8993-8bd4-44e7-ad1d-15a06d9c425b-1024x582.jpeg 1024w, https:\/\/fundacjabenedyktynka.eu\/wp-content\/uploads\/2022\/12\/c3ea8993-8bd4-44e7-ad1d-15a06d9c425b-300x170.jpeg 300w, https:\/\/fundacjabenedyktynka.eu\/wp-content\/uploads\/2022\/12\/c3ea8993-8bd4-44e7-ad1d-15a06d9c425b-768x436.jpeg 768w, https:\/\/fundacjabenedyktynka.eu\/wp-content\/uploads\/2022\/12\/c3ea8993-8bd4-44e7-ad1d-15a06d9c425b-600x341.jpeg 600w, https:\/\/fundacjabenedyktynka.eu\/wp-content\/uploads\/2022\/12\/c3ea8993-8bd4-44e7-ad1d-15a06d9c425b.jpeg 1500w\" sizes=\"(max-width: 800px) 100vw, 800px\" \/>\t\t\t\t\t\t\t\t\t\t\t\t\t\t\t<\/div>\n\t\t\t\t<\/div>\n\t\t\t\t\t<\/div>\n\t\t<\/div>\n\t\t\t\t\t\t\t<\/div>\n\t\t<\/section>\n\t\t\t\t<div class=\"elementor-element elementor-element-fbe94b6 elementor-widget elementor-widget-heading\" data-id=\"fbe94b6\" data-element_type=\"widget\" data-widget_type=\"heading.default\">\n\t\t\t\t<div class=\"elementor-widget-container\">\n\t\t\t<h2 class=\"elementor-heading-title elementor-size-default\"># Spotkania Flavon Club ,,\u017cy\u0107 zdrowo i d\u0142ugo\u201d s\u0105 na zoom<\/h2>\t\t<\/div>\n\t\t\t\t<\/div>\n\t\t\t\t<div class=\"elementor-element elementor-element-363a726 elementor-widget elementor-widget-text-editor\" data-id=\"363a726\" data-element_type=\"widget\" data-widget_type=\"text-editor.default\">\n\t\t\t\t<div class=\"elementor-widget-container\">\n\t\t\t\t\t\t\t<p>pi\u0105tki i niedziele:<br \/>link sta\u0142y <strong><a href=\"https:\/\/us02web.zoom.us\/j\/822917506+81?pwd=TDFPUjRHUlllaXdSczU2dTRUUid4dz09\">https:\/\/us02web.zoom.us\/j\/822917506+81?pwd=TDFPUjRHUlllaXdSczU2dTRUUid4dz09<\/a><\/strong><br \/>MetingID: 822 9175 0681<br \/>Passcode: 887729<\/p>\t\t\t\t\t\t<\/div>\n\t\t\t\t<\/div>\n\t\t\t\t<div class=\"elementor-element elementor-element-8f692fd elementor-widget elementor-widget-heading\" data-id=\"8f692fd\" data-element_type=\"widget\" data-widget_type=\"heading.default\">\n\t\t\t\t<div class=\"elementor-widget-container\">\n\t\t\t<h2 class=\"elementor-heading-title elementor-size-default\"># propagowanie nowych technologii LIFEWAVE leczenie energi\u0105 \u015bwiat\u0142a<\/h2>\t\t<\/div>\n\t\t\t\t<\/div>\n\t\t\t\t<div class=\"elementor-element elementor-element-8fd291a elementor-widget elementor-widget-text-editor\" data-id=\"8fd291a\" data-element_type=\"widget\" data-widget_type=\"text-editor.default\">\n\t\t\t\t<div class=\"elementor-widget-container\">\n\t\t\t\t\t\t\t<p><strong><a href=\"https:\/\/lifewave.com\/2719933\">https:\/\/lifewave.com\/2719933<\/a><\/strong><\/p>\t\t\t\t\t\t<\/div>\n\t\t\t\t<\/div>\n\t\t\t\t<div class=\"elementor-element elementor-element-296f209 elementor-widget elementor-widget-image\" data-id=\"296f209\" data-element_type=\"widget\" data-widget_type=\"image.default\">\n\t\t\t\t<div class=\"elementor-widget-container\">\n\t\t\t\t\t\t\t\t\t\t\t\t\t\t\t<img decoding=\"async\" width=\"635\" height=\"425\" src=\"https:\/\/fundacjabenedyktynka.eu\/wp-content\/uploads\/2025\/08\/foto5.png\" class=\"attachment-large size-large wp-image-296\" alt=\"\" loading=\"lazy\" srcset=\"https:\/\/fundacjabenedyktynka.eu\/wp-content\/uploads\/2025\/08\/foto5.png 635w, https:\/\/fundacjabenedyktynka.eu\/wp-content\/uploads\/2025\/08\/foto5-300x201.png 300w, https:\/\/fundacjabenedyktynka.eu\/wp-content\/uploads\/2025\/08\/foto5-600x402.png 600w\" sizes=\"(max-width: 635px) 100vw, 635px\" \/>\t\t\t\t\t\t\t\t\t\t\t\t\t\t\t<\/div>\n\t\t\t\t<\/div>\n\t\t\t\t<div class=\"elementor-element elementor-element-82ca857 elementor-widget elementor-widget-heading\" data-id=\"82ca857\" data-element_type=\"widget\" data-widget_type=\"heading.default\">\n\t\t\t\t<div class=\"elementor-widget-container\">\n\t\t\t<h2 class=\"elementor-heading-title elementor-size-default\">Innowacyjna technologia medyczna<\/h2>\t\t<\/div>\n\t\t\t\t<\/div>\n\t\t\t\t<div class=\"elementor-element elementor-element-094ed0a elementor-widget elementor-widget-text-editor\" data-id=\"094ed0a\" data-element_type=\"widget\" data-widget_type=\"text-editor.default\">\n\t\t\t\t<div class=\"elementor-widget-container\">\n\t\t\t\t\t\t\t<p>kt\u00f3ra zmieni Twoje samopoczucie i jako\u015b\u0107 \u017cycia.<\/p>\t\t\t\t\t\t<\/div>\n\t\t\t\t<\/div>\n\t\t\t\t\t<\/div>\n\t\t<\/div>\n\t\t\t\t\t\t\t<\/div>\n\t\t<\/section>\n\t\t\t\t\t\t\t<\/div>\n\t\t","protected":false},"excerpt":{"rendered":"<p>O fundacji\u2026 FUNDACJA ,,BENEDYKTYNKA\u201d powo\u0142ana do \u017cycia w 2018 roku z\/s w Pile jest organizacj\u0105 non profit z jasno okre\u015blonym celem s\u0142u\u017c\u0105cym wszystkim ludziom dobrej woli dbaj\u0105c\u0105 o ich zdrowie i promuj\u0105c\u0105 zdrow\u0105 polsk\u0105 \u017cywno\u015b\u0107. DZIA\u0141ANIA NASZE WPISUJ\u0104 SI\u0118 W REALNE ZADANIA: Ministerstwa Rodziny, Pracy i Polityki Spo\u0142ecznej, Ministerstwa Inwestycji i Rozwoju Ministerstwa Kultury i [&hellip;]<\/p>\n","protected":false},"author":1,"featured_media":0,"parent":0,"menu_order":0,"comment_status":"closed","ping_status":"closed","template":"elementor_header_footer","meta":{"inline_featured_image":false},"_links":{"self":[{"href":"https:\/\/fundacjabenedyktynka.eu\/index.php\/wp-json\/wp\/v2\/pages\/13"}],"collection":[{"href":"https:\/\/fundacjabenedyktynka.eu\/index.php\/wp-json\/wp\/v2\/pages"}],"about":[{"href":"https:\/\/fundacjabenedyktynka.eu\/index.php\/wp-json\/wp\/v2\/types\/page"}],"author":[{"embeddable":true,"href":"https:\/\/fundacjabenedyktynka.eu\/index.php\/wp-json\/wp\/v2\/users\/1"}],"replies":[{"embeddable":true,"href":"https:\/\/fundacjabenedyktynka.eu\/index.php\/wp-json\/wp\/v2\/comments?post=13"}],"version-history":[{"count":22,"href":"https:\/\/fundacjabenedyktynka.eu\/index.php\/wp-json\/wp\/v2\/pages\/13\/revisions"}],"predecessor-version":[{"id":299,"href":"https:\/\/fundacjabenedyktynka.eu\/index.php\/wp-json\/wp\/v2\/pages\/13\/revisions\/299"}],"wp:attachment":[{"href":"https:\/\/fundacjabenedyktynka.eu\/index.php\/wp-json\/wp\/v2\/media?parent=13"}],"curies":[{"name":"wp","href":"https:\/\/api.w.org\/{rel}","templated":true}]}}